{"id":294,"date":"2023-05-05T09:15:16","date_gmt":"2023-05-05T09:15:16","guid":{"rendered":"https:\/\/andreasmehli-new.ch\/?page_id=294"},"modified":"2024-02-21T13:36:22","modified_gmt":"2024-02-21T13:36:22","slug":"portraet","status":"publish","type":"page","link":"https:\/\/andreasmehli.ch\/index.php\/portraet\/","title":{"rendered":"Portr\u00e4t"},"content":{"rendered":"\n<div class=\"wp-block-columns is-layout-flex wp-container-core-columns-is-layout-9d6595d7 wp-block-columns-is-layout-flex\">\n<div class=\"wp-block-column is-vertically-aligned-top is-layout-flow wp-block-column-is-layout-flow\" style=\"flex-basis:80%\">\n<h2 class=\"wp-block-heading\">Firmengeschichte<\/h2>\n\n\n\n<p>Die Firma Andreas Mehli Landmaschinen wurde 1994 gegr\u00fcndet. Heute setzen sich 35 Mitarbeiter und 10 Lehrlinge im Hauptbetrieb Chur und in der Filiale Ilanz in den Bereichen Landmaschinen, Forst-\/Kommunaltechnik, Shop und Lohnunternehmen f\u00fcr Ihre Zufriedenheit ein.<\/p>\n<\/div>\n\n\n\n<div class=\"wp-block-column is-layout-flow wp-block-column-is-layout-flow\" style=\"flex-basis:20%\">\n<figure class=\"wp-block-image size-full is-style-default\"><img loading=\"lazy\" decoding=\"async\" width=\"1920\" height=\"2560\" src=\"https:\/\/andreasmehli.ch\/wp-content\/uploads\/2024\/02\/Andi2-scaled.jpg\" alt=\"\" class=\"wp-image-1337\" srcset=\"https:\/\/andreasmehli.ch\/wp-content\/uploads\/2024\/02\/Andi2-scaled.jpg 1920w, https:\/\/andreasmehli.ch\/wp-content\/uploads\/2024\/02\/Andi2-225x300.jpg 225w, https:\/\/andreasmehli.ch\/wp-content\/uploads\/2024\/02\/Andi2-768x1024.jpg 768w, https:\/\/andreasmehli.ch\/wp-content\/uploads\/2024\/02\/Andi2-1152x1536.jpg 1152w, https:\/\/andreasmehli.ch\/wp-content\/uploads\/2024\/02\/Andi2-1536x2048.jpg 1536w\" sizes=\"auto, (max-width: 1920px) 100vw, 1920px\" \/><\/figure>\n\n\n\n<p>Andreas Mehli, Inhaber<\/p>\n<\/div>\n<\/div>\n\n\n\n<p><strong>1994<\/strong><\/p>\n\n\n\n<ul class=\"wp-block-list\">\n<li>Gru\u0308ndung der Einzelfirma und Start mit der Werkstatt auf dem Areal des heutigen Kuhrerhofs<\/li>\n<\/ul>\n\n\n\n<p><strong>1995<\/strong><\/p>\n\n\n\n<ul class=\"wp-block-list\">\n<li>\u00dcbernahme der Valtra-Valmet-A-Vertretung<\/li>\n\n\n\n<li>Umzug an die Rheinmu\u0308hle<\/li>\n<\/ul>\n\n\n\n<p><strong>1997<\/strong><\/p>\n\n\n\n<ul class=\"wp-block-list\">\n<li>Beginn Lehrlingsausbildung<\/li>\n<\/ul>\n\n\n\n<p><strong>1998<\/strong><\/p>\n\n\n\n<ul class=\"wp-block-list\">\n<li>Lancierung Angebot Mietmaschinen<\/li>\n<\/ul>\n\n\n\n<p><strong>2001<\/strong><\/p>\n\n\n\n<ul class=\"wp-block-list\">\n<li>Neubau Lagerhalle in der Rheinmu\u0308hle nach Grossbrand am 1.6.1999<\/li>\n<\/ul>\n\n\n\n<p><strong>2003<\/strong><\/p>\n\n\n\n<ul class=\"wp-block-list\">\n<li>\u00dcbernahme New-Holland- Vertretung als Vollleistungsh\u00e4ndler in Graubu\u0308nden<\/li>\n\n\n\n<li>Die ersten \u00abBu\u0308ndnerNews\u00bb erscheinen in einer Auflage von 3\u2018000 Exemplaren<\/li>\n<\/ul>\n\n\n\n<p><strong>2004<\/strong><\/p>\n\n\n\n<ul class=\"wp-block-list\">\n<li>Gru\u0308ndung Case-Steyr-Center in Zizers<\/li>\n\n\n\n<li>Partnerschaft Michelin Exelagri (professionelle Dienstleistungen rund um Agroreifen)<\/li>\n\n\n\n<li>10-Jahre-Jubil\u00e4umsfeier in derRheinmu\u0308hle<\/li>\n<\/ul>\n\n\n\n<p><strong>2005<\/strong><\/p>\n\n\n\n<ul class=\"wp-block-list\">\n<li>Anschaffung Maisballenpresse<\/li>\n<\/ul>\n\n\n\n<p><strong>2006<\/strong><\/p>\n\n\n\n<ul class=\"wp-block-list\">\n<li>neue Webseite mit vollautomatisch aktualisierten Daten<\/li>\n\n\n\n<li>u\u0308ber 300 Occasionsmaschinen&nbsp;<\/li>\n<\/ul>\n\n\n\n<p><strong>2008<\/strong><\/p>\n\n\n\n<ul class=\"wp-block-list\">\n<li>Personalbestand erstmals 20 Mitarbeiter&nbsp;<\/li>\n<\/ul>\n\n\n\n<p><strong>2010\u2028<\/strong><\/p>\n\n\n\n<ul class=\"wp-block-list\">\n<li>Er\u00f6ffnung einer neuen Filiale in Ilanz<\/li>\n\n\n\n<li>\u00dcbernahme Reform-Vertretung<\/li>\n\n\n\n<li>inzwischen 30 Mitarbeitende<\/li>\n<\/ul>\n\n\n\n<p><strong>2011\u2028<\/strong><\/p>\n\n\n\n<ul class=\"wp-block-list\">\n<li>erstmals an der GEHLA vertreten<\/li>\n\n\n\n<li>grosse Maschinenversteigerung in der Rheinmu\u0308hle<\/li>\n<\/ul>\n\n\n\n<p><strong>2012<\/strong><\/p>\n\n\n\n<ul class=\"wp-block-list\">\n<li>Gru\u0308ndung der Mehli Rent AG fu\u0308r professionelle Vermietung von Fahrzeugen<\/li>\n\n\n\n<li>Beginn systematischer Versteigerungen auf Ricardo<\/li>\n<\/ul>\n\n\n\n<p><strong>2013<\/strong><\/p>\n\n\n\n<ul class=\"wp-block-list\">\n<li>Die Werkst\u00e4tten in Zizers und Fl\u00e4sch werden im Neubau Chur integriert<\/li>\n<\/ul>\n\n\n\n<p><strong>2014<\/strong><\/p>\n\n\n\n<ul class=\"wp-block-list\">\n<li>Er\u00f6ffnung der neuen Werkstatthalle in Chur<\/li>\n\n\n\n<li>20-Jahre-Jubil\u00e4um in der Rheinmu\u0308hle mit grosser Maschinenversteigerung<\/li>\n<\/ul>\n\n\n\n<p><strong>2015<\/strong><\/p>\n\n\n\n<ul class=\"wp-block-list\">\n<li>Start T\u00e4tigkeiten fu\u0308r erneuerbare Energien \/ Motivation \/ Ausblick \/ Chance, neue Kreisl\u00e4ufe zu schliessen und \u00f6kologisch wie auch \u00f6knomisch etwas zu bewegen<\/li>\n<\/ul>\n\n\n\n<p><strong>2016<\/strong><\/p>\n\n\n\n<ul class=\"wp-block-list\">\n<li>Gru\u0308ndung HTC Innovationscampus Rheinmu\u0308hle<\/li>\n<\/ul>\n\n\n\n<p><strong>2017<\/strong><\/p>\n\n\n\n<ul class=\"wp-block-list\">\n<li>\u00abBu\u0308ndner News\u00bb erstmals mit 21&#8217;000 Exemplaren!<\/li>\n\n\n\n<li>\u00dcbernahme Volter Holzstromanlagen als Importeur<\/li>\n\n\n\n<li>Gru\u0308ndung der Klimastiftung Graubu\u0308nden zur Weiterentwicklung von HTC u. a. m.<\/li>\n<\/ul>\n\n\n\n<p><strong>2018<\/strong><\/p>\n\n\n\n<ul class=\"wp-block-list\">\n<li>Gru\u0308ndung Mehli WST Chur + Ilanz AG, Trennung Werkst\u00e4tten und Verkauf<\/li>\n\n\n\n<li>Umbenennung Mehli Rent AG in Mehli Landmaschinen AG<\/li>\n<\/ul>\n\n\n\n<p><strong>2020<\/strong><\/p>\n\n\n\n<ul class=\"wp-block-list\">\n<li>Mehli Agro Service wird in eine Aktiengesellschaft umgewandelt<\/li>\n\n\n\n<li>Gru\u0308ndung Kuhrerhof AG, Inbetriebnahme des ersten von insgesamt drei Melkrobotern<\/li>\n<\/ul>\n\n\n\n<p><strong>2021<\/strong><\/p>\n\n\n\n<ul class=\"wp-block-list\">\n<li>Start der Realisierung EnergiePark Grischa in der Rheinmu\u0308hle<\/li>\n\n\n\n<li>Landmaschinenmechaniker ausgebildet<\/li>\n<\/ul>\n\n\n\n<p><strong>2022<\/strong><\/p>\n\n\n\n<ul class=\"wp-block-list\">\n<li>Erste Besucher auf dem Kuhrerhof und im EnergiePark Grischa (noch unter dem Namen HTC)<\/li>\n<\/ul>\n\n\n\n<p><strong>2023<\/strong><\/p>\n\n\n\n<ul class=\"wp-block-list\">\n<li>Tag der offenen Tu\u0308r 14.\/15. April<\/li>\n\n\n\n<li>Marco Lamprecht steigt mit 60 % Anteil am Aktienkapital in die Mehli WST Chur AG ein<\/li>\n\n\n\n<li>Paul Loetscher steigt mit 7 % Aktienanteil in die Mehli WST Ilanz AG ein<\/li>\n\n\n\n<li>Lancierung der GRegioflex Hofbiogaskompaktanlage<\/li>\n\n\n\n<li>Er\u00f6ffnung Kuhrerhof-Hofl\u00e4deli<\/li>\n<\/ul>\n\n\n\n<p><strong>2024<\/strong><\/p>\n\n\n\n<ul class=\"wp-block-list\">\n<li>30 Jahre Andreas Mehli<\/li>\n<\/ul>\n","protected":false},"excerpt":{"rendered":"<p>Firmengeschichte Die Firma Andreas Mehli Landmaschinen wurde 1994 gegr\u00fcndet. Heute setzen sich 35 Mitarbeiter und 10 Lehrlinge im Hauptbetrieb Chur und in der Filiale Ilanz in den Bereichen Landmaschinen, Forst-\/Kommunaltechnik, Shop und Lohnunternehmen f\u00fcr Ihre Zufriedenheit ein. Andreas Mehli, Inhaber &hellip; <a href=\"https:\/\/andreasmehli.ch\/index.php\/portraet\/\">Weiter<\/a><\/p>\n","protected":false},"author":1,"featured_media":0,"parent":0,"menu_order":0,"comment_status":"closed","ping_status":"closed","template":"","meta":{"kt_blocks_editor_width":"","footnotes":""},"class_list":["post-294","page","type-page","status-publish","hentry"],"yoast_head":"<!-- This site is optimized with the Yoast SEO plugin v21.0 - https:\/\/yoast.com\/wordpress\/plugins\/seo\/ -->\n<title>Portr\u00e4t - Andreas Mehli<\/title>\n<meta name=\"robots\" content=\"index, follow, max-snippet:-1, max-image-preview:large, max-video-preview:-1\" \/>\n<link rel=\"canonical\" href=\"https:\/\/andreasmehli.ch\/index.php\/portraet\/\" \/>\n<meta property=\"og:locale\" content=\"de_DE\" \/>\n<meta property=\"og:type\" content=\"article\" \/>\n<meta property=\"og:title\" content=\"Portr\u00e4t - Andreas Mehli\" \/>\n<meta property=\"og:description\" content=\"Firmengeschichte Die Firma Andreas Mehli Landmaschinen wurde 1994 gegr\u00fcndet. Heute setzen sich 35 Mitarbeiter und 10 Lehrlinge im Hauptbetrieb Chur und in der Filiale Ilanz in den Bereichen Landmaschinen, Forst-\/Kommunaltechnik, Shop und Lohnunternehmen f\u00fcr Ihre Zufriedenheit ein. Andreas Mehli, Inhaber &hellip; Weiter\" \/>\n<meta property=\"og:url\" content=\"https:\/\/andreasmehli.ch\/index.php\/portraet\/\" \/>\n<meta property=\"og:site_name\" content=\"Andreas Mehli\" \/>\n<meta property=\"article:publisher\" content=\"https:\/\/www.facebook.com\/people\/Andreas-Mehli-Landmaschinen\/100057849181425\/\" \/>\n<meta property=\"article:modified_time\" content=\"2024-02-21T13:36:22+00:00\" \/>\n<meta property=\"og:image\" content=\"https:\/\/andreasmehli.ch\/wp-content\/uploads\/2024\/02\/Andi2-scaled.jpg\" \/>\n<meta name=\"twitter:card\" content=\"summary_large_image\" \/>\n<meta name=\"twitter:label1\" content=\"Gesch\u00e4tzte Lesezeit\" \/>\n\t<meta name=\"twitter:data1\" content=\"3\u00a0Minuten\" \/>\n<script type=\"application\/ld+json\" class=\"yoast-schema-graph\">{\"@context\":\"https:\/\/schema.org\",\"@graph\":[{\"@type\":\"WebPage\",\"@id\":\"https:\/\/andreasmehli.ch\/index.php\/portraet\/\",\"url\":\"https:\/\/andreasmehli.ch\/index.php\/portraet\/\",\"name\":\"Portr\u00e4t - Andreas Mehli\",\"isPartOf\":{\"@id\":\"https:\/\/andreasmehli.ch\/#website\"},\"datePublished\":\"2023-05-05T09:15:16+00:00\",\"dateModified\":\"2024-02-21T13:36:22+00:00\",\"breadcrumb\":{\"@id\":\"https:\/\/andreasmehli.ch\/index.php\/portraet\/#breadcrumb\"},\"inLanguage\":\"de\",\"potentialAction\":[{\"@type\":\"ReadAction\",\"target\":[\"https:\/\/andreasmehli.ch\/index.php\/portraet\/\"]}]},{\"@type\":\"BreadcrumbList\",\"@id\":\"https:\/\/andreasmehli.ch\/index.php\/portraet\/#breadcrumb\",\"itemListElement\":[{\"@type\":\"ListItem\",\"position\":1,\"name\":\"Startseite\",\"item\":\"https:\/\/andreasmehli.ch\/\"},{\"@type\":\"ListItem\",\"position\":2,\"name\":\"Portr\u00e4t\"}]},{\"@type\":\"WebSite\",\"@id\":\"https:\/\/andreasmehli.ch\/#website\",\"url\":\"https:\/\/andreasmehli.ch\/\",\"name\":\"Andreas Mehli\",\"description\":\"Landtechnik |\u00a0 Motorger\u00e4te |\u00a0Kommunal- und Forstmaschinen\",\"publisher\":{\"@id\":\"https:\/\/andreasmehli.ch\/#organization\"},\"potentialAction\":[{\"@type\":\"SearchAction\",\"target\":{\"@type\":\"EntryPoint\",\"urlTemplate\":\"https:\/\/andreasmehli.ch\/?s={search_term_string}\"},\"query-input\":\"required name=search_term_string\"}],\"inLanguage\":\"de\"},{\"@type\":\"Organization\",\"@id\":\"https:\/\/andreasmehli.ch\/#organization\",\"name\":\"Andreas Mehli\",\"url\":\"https:\/\/andreasmehli.ch\/\",\"logo\":{\"@type\":\"ImageObject\",\"inLanguage\":\"de\",\"@id\":\"https:\/\/andreasmehli.ch\/#\/schema\/logo\/image\/\",\"url\":\"https:\/\/andreasmehli.ch\/wp-content\/uploads\/2023\/05\/AM-Logo-gross-1-e1683201979535.gif\",\"contentUrl\":\"https:\/\/andreasmehli.ch\/wp-content\/uploads\/2023\/05\/AM-Logo-gross-1-e1683201979535.gif\",\"width\":431,\"height\":86,\"caption\":\"Andreas Mehli\"},\"image\":{\"@id\":\"https:\/\/andreasmehli.ch\/#\/schema\/logo\/image\/\"},\"sameAs\":[\"https:\/\/www.facebook.com\/people\/Andreas-Mehli-Landmaschinen\/100057849181425\/\"]}]}<\/script>\n<!-- \/ Yoast SEO plugin. -->","yoast_head_json":{"title":"Portr\u00e4t - Andreas Mehli","robots":{"index":"index","follow":"follow","max-snippet":"max-snippet:-1","max-image-preview":"max-image-preview:large","max-video-preview":"max-video-preview:-1"},"canonical":"https:\/\/andreasmehli.ch\/index.php\/portraet\/","og_locale":"de_DE","og_type":"article","og_title":"Portr\u00e4t - Andreas Mehli","og_description":"Firmengeschichte Die Firma Andreas Mehli Landmaschinen wurde 1994 gegr\u00fcndet. Heute setzen sich 35 Mitarbeiter und 10 Lehrlinge im Hauptbetrieb Chur und in der Filiale Ilanz in den Bereichen Landmaschinen, Forst-\/Kommunaltechnik, Shop und Lohnunternehmen f\u00fcr Ihre Zufriedenheit ein. Andreas Mehli, Inhaber &hellip; Weiter","og_url":"https:\/\/andreasmehli.ch\/index.php\/portraet\/","og_site_name":"Andreas Mehli","article_publisher":"https:\/\/www.facebook.com\/people\/Andreas-Mehli-Landmaschinen\/100057849181425\/","article_modified_time":"2024-02-21T13:36:22+00:00","og_image":[{"url":"https:\/\/andreasmehli.ch\/wp-content\/uploads\/2024\/02\/Andi2-scaled.jpg"}],"twitter_card":"summary_large_image","twitter_misc":{"Gesch\u00e4tzte Lesezeit":"3\u00a0Minuten"},"schema":{"@context":"https:\/\/schema.org","@graph":[{"@type":"WebPage","@id":"https:\/\/andreasmehli.ch\/index.php\/portraet\/","url":"https:\/\/andreasmehli.ch\/index.php\/portraet\/","name":"Portr\u00e4t - Andreas Mehli","isPartOf":{"@id":"https:\/\/andreasmehli.ch\/#website"},"datePublished":"2023-05-05T09:15:16+00:00","dateModified":"2024-02-21T13:36:22+00:00","breadcrumb":{"@id":"https:\/\/andreasmehli.ch\/index.php\/portraet\/#breadcrumb"},"inLanguage":"de","potentialAction":[{"@type":"ReadAction","target":["https:\/\/andreasmehli.ch\/index.php\/portraet\/"]}]},{"@type":"BreadcrumbList","@id":"https:\/\/andreasmehli.ch\/index.php\/portraet\/#breadcrumb","itemListElement":[{"@type":"ListItem","position":1,"name":"Startseite","item":"https:\/\/andreasmehli.ch\/"},{"@type":"ListItem","position":2,"name":"Portr\u00e4t"}]},{"@type":"WebSite","@id":"https:\/\/andreasmehli.ch\/#website","url":"https:\/\/andreasmehli.ch\/","name":"Andreas Mehli","description":"Landtechnik |\u00a0 Motorger\u00e4te |\u00a0Kommunal- und Forstmaschinen","publisher":{"@id":"https:\/\/andreasmehli.ch\/#organization"},"potentialAction":[{"@type":"SearchAction","target":{"@type":"EntryPoint","urlTemplate":"https:\/\/andreasmehli.ch\/?s={search_term_string}"},"query-input":"required name=search_term_string"}],"inLanguage":"de"},{"@type":"Organization","@id":"https:\/\/andreasmehli.ch\/#organization","name":"Andreas Mehli","url":"https:\/\/andreasmehli.ch\/","logo":{"@type":"ImageObject","inLanguage":"de","@id":"https:\/\/andreasmehli.ch\/#\/schema\/logo\/image\/","url":"https:\/\/andreasmehli.ch\/wp-content\/uploads\/2023\/05\/AM-Logo-gross-1-e1683201979535.gif","contentUrl":"https:\/\/andreasmehli.ch\/wp-content\/uploads\/2023\/05\/AM-Logo-gross-1-e1683201979535.gif","width":431,"height":86,"caption":"Andreas Mehli"},"image":{"@id":"https:\/\/andreasmehli.ch\/#\/schema\/logo\/image\/"},"sameAs":["https:\/\/www.facebook.com\/people\/Andreas-Mehli-Landmaschinen\/100057849181425\/"]}]}},"_links":{"self":[{"href":"https:\/\/andreasmehli.ch\/index.php\/wp-json\/wp\/v2\/pages\/294","targetHints":{"allow":["GET"]}}],"collection":[{"href":"https:\/\/andreasmehli.ch\/index.php\/wp-json\/wp\/v2\/pages"}],"about":[{"href":"https:\/\/andreasmehli.ch\/index.php\/wp-json\/wp\/v2\/types\/page"}],"author":[{"embeddable":true,"href":"https:\/\/andreasmehli.ch\/index.php\/wp-json\/wp\/v2\/users\/1"}],"replies":[{"embeddable":true,"href":"https:\/\/andreasmehli.ch\/index.php\/wp-json\/wp\/v2\/comments?post=294"}],"version-history":[{"count":22,"href":"https:\/\/andreasmehli.ch\/index.php\/wp-json\/wp\/v2\/pages\/294\/revisions"}],"predecessor-version":[{"id":1338,"href":"https:\/\/andreasmehli.ch\/index.php\/wp-json\/wp\/v2\/pages\/294\/revisions\/1338"}],"wp:attachment":[{"href":"https:\/\/andreasmehli.ch\/index.php\/wp-json\/wp\/v2\/media?parent=294"}],"curies":[{"name":"wp","href":"https:\/\/api.w.org\/{rel}","templated":true}]}}