{"id":291,"date":"2023-05-05T08:58:15","date_gmt":"2023-05-05T08:58:15","guid":{"rendered":"https:\/\/andreasmehli-new.ch\/?page_id=291"},"modified":"2025-10-20T08:10:32","modified_gmt":"2025-10-20T08:10:32","slug":"unternehmensleitbild-mehli-betriebe","status":"publish","type":"page","link":"https:\/\/andreasmehli.ch\/index.php\/unternehmensleitbild-mehli-betriebe\/","title":{"rendered":"Unternehmensleitbild Mehli Betriebe"},"content":{"rendered":"\n<p>Die Mitarbeitenden kennen das Leitbild des Unternehmens und verhalten sich&nbsp;entsprechend dem Sinn des Leitbildes vorbildlich:<\/p>\n\n\n\n<figure class=\"wp-block-pullquote\"><blockquote><p>Wir sind ein kompetenter Partner der Technikbranche mit umfassendem,&nbsp;qualitativ hochstehendem Know &#8211; How sowie Leistungen f\u00fcr landwirtschaftliche&nbsp;Betriebe, Forstbetriebe, Kommunen, Gesch\u00e4fts- und Privatkunden.<\/p><\/blockquote><\/figure>\n\n\n\n<p>Wir lieben unsere Arbeit und nehmen sie ernst. Termine halten wir ein,\u00a0auch wenn dies oft unm\u00f6glich erscheint. Den Anspruch auf Qualit\u00e4t erf\u00fcllen wir\u00a0mit Freude und Engagement. Wir sind ein Leader unserer Branche und sind uns\u00a0dessen bewusst. Dementsprechend handeln wir.<\/p>\n\n\n\n<p>Diese Einstellung versuchen wir auch den jungen Berufsleuten weiterzugeben,&nbsp;die wir ausbilden. Unsere Lernenden sollen den Stolz ihres Handwerks erfahren.<\/p>\n\n\n\n<p>Von dem Angebot bis zur Ausf\u00fchrung, der Annahme bis zur Ablieferung,&nbsp;der Idee bis zur Montage, erleben uns unsere Kunden als motivierten Partner.&nbsp;Unser Umgang mit Kunden, Lieferanten, Beh\u00f6rden und Konkurrenten ist fair&nbsp;und auf langfristige Gesch\u00e4ftsbeziehungen ausgerichtet.&nbsp;Unsere Preispolitik ist stets fair und transparent. Wir bieten unseren Kunden&nbsp;ein&nbsp; optimales Preis\u2013\/ Leistungsverh\u00e4ltnis.<\/p>\n\n\n\n<p>Wir wollen den Mitarbeitenden soziale Sicherheit, Entfaltungsm\u00f6glichkeiten und\u00a0Mitsprache im Aufgabenbereich erm\u00f6glichen sowie ein den Leistungen\u00a0und F\u00e4higkeiten angepasstes Einkommen sichern. Gesundheit und Wohlbefinden\u00a0unserer Mitarbeitenden sind uns wichtig. Mit gezielten Massnahmen werden\u00a0die Arbeitsprozesse und Betriebseinrichtungen an die steigenden Bed\u00fcrfnisse\u00a0der Arbeitssicherheit angepasst.<\/p>\n\n\n\n<p>Die Treue unserer Kunden beweist, dass unsere Arbeitsweise professionell&nbsp;und zuvorkommend ist. Daf\u00fcr stehen wir ein, vom Gesch\u00e4ftsinhaber bis zum Lernenden.<\/p>\n","protected":false},"excerpt":{"rendered":"<p>Die Mitarbeitenden kennen das Leitbild des Unternehmens und verhalten sich&nbsp;entsprechend dem Sinn des Leitbildes vorbildlich: Wir sind ein kompetenter Partner der Technikbranche mit umfassendem,&nbsp;qualitativ hochstehendem Know &#8211; How sowie Leistungen f\u00fcr landwirtschaftliche&nbsp;Betriebe, Forstbetriebe, Kommunen, Gesch\u00e4fts- und Privatkunden. Wir lieben unsere &hellip; <a href=\"https:\/\/andreasmehli.ch\/index.php\/unternehmensleitbild-mehli-betriebe\/\">Weiter<\/a><\/p>\n","protected":false},"author":1,"featured_media":0,"parent":0,"menu_order":0,"comment_status":"closed","ping_status":"closed","template":"","meta":{"kt_blocks_editor_width":"","footnotes":""},"class_list":["post-291","page","type-page","status-publish","hentry"],"yoast_head":"<!-- This site is optimized with the Yoast SEO plugin v21.0 - https:\/\/yoast.com\/wordpress\/plugins\/seo\/ -->\n<title>Unternehmensleitbild Mehli Betriebe - Andreas Mehli<\/title>\n<meta name=\"robots\" content=\"index, follow, max-snippet:-1, max-image-preview:large, max-video-preview:-1\" \/>\n<link rel=\"canonical\" href=\"https:\/\/andreasmehli.ch\/index.php\/unternehmensleitbild-mehli-betriebe\/\" \/>\n<meta property=\"og:locale\" content=\"de_DE\" \/>\n<meta property=\"og:type\" content=\"article\" \/>\n<meta property=\"og:title\" content=\"Unternehmensleitbild Mehli Betriebe - Andreas Mehli\" \/>\n<meta property=\"og:description\" content=\"Die Mitarbeitenden kennen das Leitbild des Unternehmens und verhalten sich&nbsp;entsprechend dem Sinn des Leitbildes vorbildlich: Wir sind ein kompetenter Partner der Technikbranche mit umfassendem,&nbsp;qualitativ hochstehendem Know &#8211; How sowie Leistungen f\u00fcr landwirtschaftliche&nbsp;Betriebe, Forstbetriebe, Kommunen, Gesch\u00e4fts- und Privatkunden. Wir lieben unsere &hellip; Weiter\" \/>\n<meta property=\"og:url\" content=\"https:\/\/andreasmehli.ch\/index.php\/unternehmensleitbild-mehli-betriebe\/\" \/>\n<meta property=\"og:site_name\" content=\"Andreas Mehli\" \/>\n<meta property=\"article:publisher\" content=\"https:\/\/www.facebook.com\/people\/Andreas-Mehli-Landmaschinen\/100057849181425\/\" \/>\n<meta property=\"article:modified_time\" content=\"2025-10-20T08:10:32+00:00\" \/>\n<meta name=\"twitter:card\" content=\"summary_large_image\" \/>\n<meta name=\"twitter:label1\" content=\"Gesch\u00e4tzte Lesezeit\" \/>\n\t<meta name=\"twitter:data1\" content=\"2\u00a0Minuten\" \/>\n<script type=\"application\/ld+json\" class=\"yoast-schema-graph\">{\"@context\":\"https:\/\/schema.org\",\"@graph\":[{\"@type\":\"WebPage\",\"@id\":\"https:\/\/andreasmehli.ch\/index.php\/unternehmensleitbild-mehli-betriebe\/\",\"url\":\"https:\/\/andreasmehli.ch\/index.php\/unternehmensleitbild-mehli-betriebe\/\",\"name\":\"Unternehmensleitbild Mehli Betriebe - Andreas Mehli\",\"isPartOf\":{\"@id\":\"https:\/\/andreasmehli.ch\/#website\"},\"datePublished\":\"2023-05-05T08:58:15+00:00\",\"dateModified\":\"2025-10-20T08:10:32+00:00\",\"breadcrumb\":{\"@id\":\"https:\/\/andreasmehli.ch\/index.php\/unternehmensleitbild-mehli-betriebe\/#breadcrumb\"},\"inLanguage\":\"de\",\"potentialAction\":[{\"@type\":\"ReadAction\",\"target\":[\"https:\/\/andreasmehli.ch\/index.php\/unternehmensleitbild-mehli-betriebe\/\"]}]},{\"@type\":\"BreadcrumbList\",\"@id\":\"https:\/\/andreasmehli.ch\/index.php\/unternehmensleitbild-mehli-betriebe\/#breadcrumb\",\"itemListElement\":[{\"@type\":\"ListItem\",\"position\":1,\"name\":\"Startseite\",\"item\":\"https:\/\/andreasmehli.ch\/\"},{\"@type\":\"ListItem\",\"position\":2,\"name\":\"Unternehmensleitbild Mehli Betriebe\"}]},{\"@type\":\"WebSite\",\"@id\":\"https:\/\/andreasmehli.ch\/#website\",\"url\":\"https:\/\/andreasmehli.ch\/\",\"name\":\"Andreas Mehli\",\"description\":\"Landtechnik |\u00a0 Motorger\u00e4te |\u00a0Kommunal- und Forstmaschinen\",\"publisher\":{\"@id\":\"https:\/\/andreasmehli.ch\/#organization\"},\"potentialAction\":[{\"@type\":\"SearchAction\",\"target\":{\"@type\":\"EntryPoint\",\"urlTemplate\":\"https:\/\/andreasmehli.ch\/?s={search_term_string}\"},\"query-input\":\"required name=search_term_string\"}],\"inLanguage\":\"de\"},{\"@type\":\"Organization\",\"@id\":\"https:\/\/andreasmehli.ch\/#organization\",\"name\":\"Andreas Mehli\",\"url\":\"https:\/\/andreasmehli.ch\/\",\"logo\":{\"@type\":\"ImageObject\",\"inLanguage\":\"de\",\"@id\":\"https:\/\/andreasmehli.ch\/#\/schema\/logo\/image\/\",\"url\":\"https:\/\/andreasmehli.ch\/wp-content\/uploads\/2023\/05\/AM-Logo-gross-1-e1683201979535.gif\",\"contentUrl\":\"https:\/\/andreasmehli.ch\/wp-content\/uploads\/2023\/05\/AM-Logo-gross-1-e1683201979535.gif\",\"width\":431,\"height\":86,\"caption\":\"Andreas Mehli\"},\"image\":{\"@id\":\"https:\/\/andreasmehli.ch\/#\/schema\/logo\/image\/\"},\"sameAs\":[\"https:\/\/www.facebook.com\/people\/Andreas-Mehli-Landmaschinen\/100057849181425\/\"]}]}<\/script>\n<!-- \/ Yoast SEO plugin. -->","yoast_head_json":{"title":"Unternehmensleitbild Mehli Betriebe - Andreas Mehli","robots":{"index":"index","follow":"follow","max-snippet":"max-snippet:-1","max-image-preview":"max-image-preview:large","max-video-preview":"max-video-preview:-1"},"canonical":"https:\/\/andreasmehli.ch\/index.php\/unternehmensleitbild-mehli-betriebe\/","og_locale":"de_DE","og_type":"article","og_title":"Unternehmensleitbild Mehli Betriebe - Andreas Mehli","og_description":"Die Mitarbeitenden kennen das Leitbild des Unternehmens und verhalten sich&nbsp;entsprechend dem Sinn des Leitbildes vorbildlich: Wir sind ein kompetenter Partner der Technikbranche mit umfassendem,&nbsp;qualitativ hochstehendem Know &#8211; How sowie Leistungen f\u00fcr landwirtschaftliche&nbsp;Betriebe, Forstbetriebe, Kommunen, Gesch\u00e4fts- und Privatkunden. Wir lieben unsere &hellip; Weiter","og_url":"https:\/\/andreasmehli.ch\/index.php\/unternehmensleitbild-mehli-betriebe\/","og_site_name":"Andreas Mehli","article_publisher":"https:\/\/www.facebook.com\/people\/Andreas-Mehli-Landmaschinen\/100057849181425\/","article_modified_time":"2025-10-20T08:10:32+00:00","twitter_card":"summary_large_image","twitter_misc":{"Gesch\u00e4tzte Lesezeit":"2\u00a0Minuten"},"schema":{"@context":"https:\/\/schema.org","@graph":[{"@type":"WebPage","@id":"https:\/\/andreasmehli.ch\/index.php\/unternehmensleitbild-mehli-betriebe\/","url":"https:\/\/andreasmehli.ch\/index.php\/unternehmensleitbild-mehli-betriebe\/","name":"Unternehmensleitbild Mehli Betriebe - Andreas Mehli","isPartOf":{"@id":"https:\/\/andreasmehli.ch\/#website"},"datePublished":"2023-05-05T08:58:15+00:00","dateModified":"2025-10-20T08:10:32+00:00","breadcrumb":{"@id":"https:\/\/andreasmehli.ch\/index.php\/unternehmensleitbild-mehli-betriebe\/#breadcrumb"},"inLanguage":"de","potentialAction":[{"@type":"ReadAction","target":["https:\/\/andreasmehli.ch\/index.php\/unternehmensleitbild-mehli-betriebe\/"]}]},{"@type":"BreadcrumbList","@id":"https:\/\/andreasmehli.ch\/index.php\/unternehmensleitbild-mehli-betriebe\/#breadcrumb","itemListElement":[{"@type":"ListItem","position":1,"name":"Startseite","item":"https:\/\/andreasmehli.ch\/"},{"@type":"ListItem","position":2,"name":"Unternehmensleitbild Mehli Betriebe"}]},{"@type":"WebSite","@id":"https:\/\/andreasmehli.ch\/#website","url":"https:\/\/andreasmehli.ch\/","name":"Andreas Mehli","description":"Landtechnik |\u00a0 Motorger\u00e4te |\u00a0Kommunal- und Forstmaschinen","publisher":{"@id":"https:\/\/andreasmehli.ch\/#organization"},"potentialAction":[{"@type":"SearchAction","target":{"@type":"EntryPoint","urlTemplate":"https:\/\/andreasmehli.ch\/?s={search_term_string}"},"query-input":"required name=search_term_string"}],"inLanguage":"de"},{"@type":"Organization","@id":"https:\/\/andreasmehli.ch\/#organization","name":"Andreas Mehli","url":"https:\/\/andreasmehli.ch\/","logo":{"@type":"ImageObject","inLanguage":"de","@id":"https:\/\/andreasmehli.ch\/#\/schema\/logo\/image\/","url":"https:\/\/andreasmehli.ch\/wp-content\/uploads\/2023\/05\/AM-Logo-gross-1-e1683201979535.gif","contentUrl":"https:\/\/andreasmehli.ch\/wp-content\/uploads\/2023\/05\/AM-Logo-gross-1-e1683201979535.gif","width":431,"height":86,"caption":"Andreas Mehli"},"image":{"@id":"https:\/\/andreasmehli.ch\/#\/schema\/logo\/image\/"},"sameAs":["https:\/\/www.facebook.com\/people\/Andreas-Mehli-Landmaschinen\/100057849181425\/"]}]}},"_links":{"self":[{"href":"https:\/\/andreasmehli.ch\/index.php\/wp-json\/wp\/v2\/pages\/291","targetHints":{"allow":["GET"]}}],"collection":[{"href":"https:\/\/andreasmehli.ch\/index.php\/wp-json\/wp\/v2\/pages"}],"about":[{"href":"https:\/\/andreasmehli.ch\/index.php\/wp-json\/wp\/v2\/types\/page"}],"author":[{"embeddable":true,"href":"https:\/\/andreasmehli.ch\/index.php\/wp-json\/wp\/v2\/users\/1"}],"replies":[{"embeddable":true,"href":"https:\/\/andreasmehli.ch\/index.php\/wp-json\/wp\/v2\/comments?post=291"}],"version-history":[{"count":3,"href":"https:\/\/andreasmehli.ch\/index.php\/wp-json\/wp\/v2\/pages\/291\/revisions"}],"predecessor-version":[{"id":1517,"href":"https:\/\/andreasmehli.ch\/index.php\/wp-json\/wp\/v2\/pages\/291\/revisions\/1517"}],"wp:attachment":[{"href":"https:\/\/andreasmehli.ch\/index.php\/wp-json\/wp\/v2\/media?parent=291"}],"curies":[{"name":"wp","href":"https:\/\/api.w.org\/{rel}","templated":true}]}}