{"id":23,"date":"2023-05-04T12:46:35","date_gmt":"2023-05-04T12:46:35","guid":{"rendered":"https:\/\/andreasmehli-new.ch\/?page_id=23"},"modified":"2023-05-08T20:35:35","modified_gmt":"2023-05-08T20:35:35","slug":"richtpriese-fuer-servicearbeiten","status":"publish","type":"page","link":"https:\/\/andreasmehli.ch\/index.php\/sample-page\/richtpriese-fuer-servicearbeiten\/","title":{"rendered":"Richtpreise f\u00fcr Servicearbeiten"},"content":{"rendered":"\n<p>Hier finden Sie unsere Serviceangebote mit zugeh\u00f6rigen Richtpreisen.<\/p>\n\n\n\n<div class=\"wp-block-group\"><div class=\"wp-block-group__inner-container is-layout-constrained wp-block-group-is-layout-constrained\">\n<h2 class=\"wp-block-heading\">Elektrom\u00e4her<\/h2>\n\n\n\n<div class=\"wp-block-columns is-layout-flex wp-container-core-columns-is-layout-9d6595d7 wp-block-columns-is-layout-flex\">\n<div class=\"wp-block-column is-vertically-aligned-center is-layout-flow wp-block-column-is-layout-flow\" style=\"flex-basis:33%\">\n<figure class=\"wp-block-image size-full\"><img loading=\"lazy\" decoding=\"async\" width=\"304\" height=\"175\" src=\"\/wp-content\/uploads\/2023\/05\/Richtpreis_Elektromaeher.png\" alt=\"\" class=\"wp-image-54\" srcset=\"https:\/\/andreasmehli.ch\/wp-content\/uploads\/2023\/05\/Richtpreis_Elektromaeher.png 304w, https:\/\/andreasmehli.ch\/wp-content\/uploads\/2023\/05\/Richtpreis_Elektromaeher-300x173.png 300w\" sizes=\"auto, (max-width: 304px) 100vw, 304px\" \/><\/figure>\n<\/div>\n\n\n\n<div class=\"wp-block-column is-vertically-aligned-center is-layout-flow wp-block-column-is-layout-flow\" style=\"flex-basis:66%\">\n<div class=\"wp-block-group\"><div class=\"wp-block-group__inner-container is-layout-constrained wp-block-group-is-layout-constrained\">\n<p>Im Service sind folgende Leistungen enthalten:<\/p>\n\n\n\n<ul class=\"has-black-color has-text-color wp-block-list\">\n<li><em>Messer schleifen und auswuchten oder ersetzen<\/em><\/li>\n\n\n\n<li><em>Haube entfernen und Motorraum reinigen<\/em><\/li>\n\n\n\n<li><em>Elektrische Anschl\u00fcsse kontrollieren<\/em><\/li>\n\n\n\n<li><em>diverse Schrauben kontrollieren und nachziehen<\/em><\/li>\n\n\n\n<li><em>R\u00e4der einstellen und schmieren<\/em><\/li>\n\n\n\n<li><em>Testlauf und Funktionskontrolle<\/em><\/li>\n<\/ul>\n\n\n\n<p class=\"has-virtue-primary-color has-text-color has-small-font-size\">Servicekosten ab Fr. 150.- bis 200.-<\/p>\n<\/div><\/div>\n<\/div>\n<\/div>\n<\/div><\/div>\n\n\n\n<div class=\"wp-block-group\"><div class=\"wp-block-group__inner-container is-layout-constrained wp-block-group-is-layout-constrained\">\n<h2 class=\"wp-block-heading\">Benzinrasenm\u00e4her<em> ohne<\/em> Radantrieb<\/h2>\n\n\n\n<p class=\"has-text-align-left\">Im Service sind folgende Leistungen enthalten:<\/p>\n\n\n\n<div class=\"wp-block-columns is-layout-flex wp-container-core-columns-is-layout-9d6595d7 wp-block-columns-is-layout-flex\">\n<div class=\"wp-block-column is-vertically-aligned-top is-layout-flow wp-block-column-is-layout-flow\" style=\"flex-basis:33%\">\n<div class=\"wp-block-group\"><div class=\"wp-block-group__inner-container is-layout-constrained wp-block-group-is-layout-constrained\">\n<ul class=\"has-black-color has-text-color wp-block-list\">\n<li><em>Z\u00fcndkerze ersetzen<\/em><\/li>\n\n\n\n<li><em>Luftfilter reinigen oder ersetzen<\/em><\/li>\n\n\n\n<li><em>Motoren\u00f6l wechseln<\/em><\/li>\n\n\n\n<li><em>Tank, Benzinschl\u00e4uche und Vergaser auf Dichtheit pr\u00fcfen<\/em><\/li>\n\n\n\n<li><em>wenn n\u00f6tig Benzintank reinigen<\/em><\/li>\n\n\n\n<li><em>Kabelz\u00fcge schmieren<\/em><\/li>\n\n\n\n<li><em>R\u00e4der, Lager und Fahrspur kontrollieren<\/em><\/li>\n\n\n\n<li><em>Messer schleifen und auswuchten oder ersetzen<\/em><\/li>\n<\/ul>\n<\/div><\/div>\n<\/div>\n\n\n\n<div class=\"wp-block-column is-vertically-aligned-top is-layout-flow wp-block-column-is-layout-flow\" style=\"flex-basis:66%\">\n<ul class=\"wp-block-list\">\n<li><em>Messernabe kontrollieren<\/em><\/li>\n\n\n\n<li><em>diverse Schrauben nachziehen<\/em><\/li>\n\n\n\n<li><em>M\u00e4her und Grasfangsack reinigen<\/em><\/li>\n\n\n\n<li><em>Testlauf, Motorendrehzahl und Funktionskontrolle<\/em><\/li>\n<\/ul>\n\n\n\n<p class=\"has-virtue-primary-color has-text-color has-small-font-size\">Servicekosten ab Fr. 150.- bis 200.-<\/p>\n\n\n\n<figure class=\"wp-block-image size-full\"><img loading=\"lazy\" decoding=\"async\" width=\"305\" height=\"173\" src=\"\/wp-content\/uploads\/2023\/05\/image-5.png\" alt=\"\" class=\"wp-image-115\" srcset=\"https:\/\/andreasmehli.ch\/wp-content\/uploads\/2023\/05\/image-5.png 305w, https:\/\/andreasmehli.ch\/wp-content\/uploads\/2023\/05\/image-5-300x170.png 300w\" sizes=\"auto, (max-width: 305px) 100vw, 305px\" \/><\/figure>\n<\/div>\n<\/div>\n<\/div><\/div>\n\n\n\n<div class=\"wp-block-group\"><div class=\"wp-block-group__inner-container is-layout-constrained wp-block-group-is-layout-constrained\">\n<h2 class=\"wp-block-heading\">Benzinrasenm\u00e4her <em>mit<\/em> Radantrieb<\/h2>\n\n\n\n<div class=\"wp-block-columns is-layout-flex wp-container-core-columns-is-layout-9d6595d7 wp-block-columns-is-layout-flex\">\n<div class=\"wp-block-column is-vertically-aligned-center is-layout-flow wp-block-column-is-layout-flow\" style=\"flex-basis:33%\">\n<figure class=\"wp-block-image size-full\"><img loading=\"lazy\" decoding=\"async\" width=\"305\" height=\"173\" src=\"\/wp-content\/uploads\/2023\/05\/image-5.png\" alt=\"\" class=\"wp-image-115\" srcset=\"https:\/\/andreasmehli.ch\/wp-content\/uploads\/2023\/05\/image-5.png 305w, https:\/\/andreasmehli.ch\/wp-content\/uploads\/2023\/05\/image-5-300x170.png 300w\" sizes=\"auto, (max-width: 305px) 100vw, 305px\" \/><\/figure>\n<\/div>\n\n\n\n<div class=\"wp-block-column is-vertically-aligned-center is-layout-flow wp-block-column-is-layout-flow\" style=\"flex-basis:66%\">\n<div class=\"wp-block-group\"><div class=\"wp-block-group__inner-container is-layout-constrained wp-block-group-is-layout-constrained\">\n<p>Im Service sind folgende Leistungen <strong>zus\u00e4tzlich zum Service ohne Radantrieb<\/strong> enthalten:<\/p>\n\n\n\n<ul class=\"has-black-color has-text-color wp-block-list\">\n<li><em>Fahrantrieb und Belastung pr\u00fcfen<\/em><\/li>\n\n\n\n<li><em>Antriebsr\u00e4der demontieren, Freilauf reinigen und schmieren<\/em><\/li>\n\n\n\n<li><em>Keilriemen des Fahrantriebs kontrollieren<\/em><\/li>\n<\/ul>\n\n\n\n<p class=\"has-virtue-primary-color has-text-color has-small-font-size\">Servicekosten ab Fr. 190.- bis 250.-<\/p>\n<\/div><\/div>\n<\/div>\n<\/div>\n<\/div><\/div>\n\n\n\n<div class=\"wp-block-group\"><div class=\"wp-block-group__inner-container is-layout-constrained wp-block-group-is-layout-constrained\">\n<h2 class=\"wp-block-heading\">Aufsitzrasenm\u00e4her<\/h2>\n\n\n\n<div class=\"wp-block-columns is-layout-flex wp-container-core-columns-is-layout-9d6595d7 wp-block-columns-is-layout-flex\">\n<div class=\"wp-block-column is-vertically-aligned-top is-layout-flow wp-block-column-is-layout-flow\" style=\"flex-basis:33%\">\n<div class=\"wp-block-group\"><div class=\"wp-block-group__inner-container is-layout-constrained wp-block-group-is-layout-constrained\">\n<p>Im Service sind folgende Leistungen enthalten:<\/p>\n\n\n\n<ul class=\"has-black-color has-text-color wp-block-list\">\n<li><em>Z\u00fcndkerzen ersetzen<\/em><\/li>\n\n\n\n<li><em>Luftfilter reinigen oder ersetzen<\/em><\/li>\n\n\n\n<li><em>Motoren\u00f6l wechseln<\/em><\/li>\n\n\n\n<li><em>Tank, Benzinschl\u00e4uche und Vergaser auf Dichtheit pr\u00fcfen<\/em><\/li>\n\n\n\n<li><em>wenn n\u00f6tig Benzintank reinigen<\/em><\/li>\n\n\n\n<li><em>Kabelz\u00fcge schmieren<\/em><\/li>\n\n\n\n<li><em>R\u00e4der, Lager, Fahrspur und Lenkung kontrollieren<\/em><\/li>\n\n\n\n<li><em>Messer schleifen und auswuchten oder ersetzen<\/em><\/li>\n\n\n\n<li><em>Messernabe kontrollieren<\/em><\/li>\n<\/ul>\n<\/div><\/div>\n<\/div>\n\n\n\n<div class=\"wp-block-column is-vertically-aligned-top is-layout-flow wp-block-column-is-layout-flow\" style=\"flex-basis:66%\">\n<ul class=\"wp-block-list\">\n<li><em>M\u00e4hwerkseinstellung kontrollieren und einstellen<\/em><\/li>\n\n\n\n<li><em>Antriebskeilriemen und Umlenkrollen kontrollieren und evtl. ersetzen<\/em><\/li>\n\n\n\n<li><em>hydrostatischen Fahrantrieb und \u00d6lstand kontrollieren<\/em><\/li>\n\n\n\n<li><em>diverse Schrauben nachziehen<\/em><\/li>\n\n\n\n<li><em>m s\u00e4mtliche Sicherheitsschalter kontrollieren und einstellen<\/em><\/li>\n\n\n\n<li><em>Kontrolle der Batterie<\/em><\/li>\n\n\n\n<li><em>M\u00e4her und Grasfangsack reinigen<\/em><\/li>\n\n\n\n<li><em>Testlauf, Motordrehzahl und Funktionskontrolle<\/em><\/li>\n<\/ul>\n\n\n\n<p class=\"has-virtue-primary-color has-text-color has-small-font-size\">Servicekosten ab Fr. 320.- bis 650.-<\/p>\n\n\n\n<figure class=\"wp-block-image size-full\"><img loading=\"lazy\" decoding=\"async\" width=\"307\" height=\"175\" src=\"\/wp-content\/uploads\/2023\/05\/image-8.png\" alt=\"\" class=\"wp-image-175\" srcset=\"https:\/\/andreasmehli.ch\/wp-content\/uploads\/2023\/05\/image-8.png 307w, https:\/\/andreasmehli.ch\/wp-content\/uploads\/2023\/05\/image-8-300x171.png 300w\" sizes=\"auto, (max-width: 307px) 100vw, 307px\" \/><\/figure>\n<\/div>\n<\/div>\n<\/div><\/div>\n\n\n\n<div class=\"wp-block-group\"><div class=\"wp-block-group__inner-container is-layout-constrained wp-block-group-is-layout-constrained\">\n<h2 class=\"wp-block-heading\">Freischneider und Rasentrimmer<\/h2>\n\n\n\n<div class=\"wp-block-columns is-layout-flex wp-container-core-columns-is-layout-9d6595d7 wp-block-columns-is-layout-flex\">\n<div class=\"wp-block-column is-vertically-aligned-center is-layout-flow wp-block-column-is-layout-flow\" style=\"flex-basis:33%\">\n<figure class=\"wp-block-image size-full\"><img loading=\"lazy\" decoding=\"async\" width=\"306\" height=\"177\" src=\"\/wp-content\/uploads\/2023\/05\/image.png\" alt=\"\" class=\"wp-image-190\" srcset=\"https:\/\/andreasmehli.ch\/wp-content\/uploads\/2023\/05\/image.png 306w, https:\/\/andreasmehli.ch\/wp-content\/uploads\/2023\/05\/image-300x174.png 300w\" sizes=\"auto, (max-width: 306px) 100vw, 306px\" \/><\/figure>\n<\/div>\n\n\n\n<div class=\"wp-block-column is-vertically-aligned-center is-layout-flow wp-block-column-is-layout-flow\" style=\"flex-basis:66%\">\n<div class=\"wp-block-group\"><div class=\"wp-block-group__inner-container is-layout-constrained wp-block-group-is-layout-constrained\">\n<p>Im Service sind folgende Leistungen enthalten:<\/p>\n\n\n\n<ul class=\"has-black-color has-text-color wp-block-list\">\n<li>Z\u00fcndkerzen ersetzen<\/li>\n\n\n\n<li>\ufeff\ufeffLuftfilter reinigen oder ersetzen<\/li>\n\n\n\n<li>\ufeff\ufeffMotoren\u00f6l wechseln (nur Viertakt-Motoren)<\/li>\n\n\n\n<li>\ufeff\ufeffTank, Benzinschl\u00e4uche und Vergaser auf Dichtheit pr\u00fcfen<\/li>\n\n\n\n<li>\ufeff\ufeffwenn n\u00f6tig Benzintank reinigen<\/li>\n\n\n\n<li>\ufeff\ufeffKabelz\u00fcge schmieren<\/li>\n\n\n\n<li>\ufeff\ufeffStarterseil kontrollieren<\/li>\n\n\n\n<li>\ufeff\ufeffFadenkopf kontrollieren und mit Faden f\u00fcllen<\/li>\n\n\n\n<li>\ufeff\ufeffWinkelgetriebe kontrollieren und mit Spezialfett erg\u00e4nzen<\/li>\n\n\n\n<li>\ufeff\ufeffTestlauf, Motorendrehzahl und Funktionskontrolle<\/li>\n<\/ul>\n\n\n\n<p class=\"has-virtue-primary-color has-text-color has-small-font-size\">Servicekosten ab Fr. 120.- bis 220.-<\/p>\n<\/div><\/div>\n<\/div>\n<\/div>\n<\/div><\/div>\n\n\n\n<div class=\"wp-block-group\"><div class=\"wp-block-group__inner-container is-layout-constrained wp-block-group-is-layout-constrained\">\n<h2 class=\"wp-block-heading\">Kettens\u00e4ge mit Benzinmotor<\/h2>\n\n\n\n<div class=\"wp-block-columns is-layout-flex wp-container-core-columns-is-layout-9d6595d7 wp-block-columns-is-layout-flex\">\n<div class=\"wp-block-column is-vertically-aligned-center is-layout-flow wp-block-column-is-layout-flow\" style=\"flex-basis:33%\">\n<figure class=\"wp-block-image size-full\"><img loading=\"lazy\" decoding=\"async\" width=\"308\" height=\"178\" src=\"\/wp-content\/uploads\/2023\/05\/image-1.png\" alt=\"\" class=\"wp-image-198\" srcset=\"https:\/\/andreasmehli.ch\/wp-content\/uploads\/2023\/05\/image-1.png 308w, https:\/\/andreasmehli.ch\/wp-content\/uploads\/2023\/05\/image-1-300x173.png 300w\" sizes=\"auto, (max-width: 308px) 100vw, 308px\" \/><\/figure>\n<\/div>\n\n\n\n<div class=\"wp-block-column is-vertically-aligned-center is-layout-flow wp-block-column-is-layout-flow\" style=\"flex-basis:66%\">\n<div class=\"wp-block-group\"><div class=\"wp-block-group__inner-container is-layout-constrained wp-block-group-is-layout-constrained\">\n<p>Im Service sind folgende Leistungen enthalten:<\/p>\n\n\n\n<ul class=\"has-black-color has-text-color wp-block-list\">\n<li>Z\u00fcndkerzen ersetzen<\/li>\n\n\n\n<li>\ufeff\ufeffLuftfilter reinigen oder ersetzen<\/li>\n\n\n\n<li>\ufeff\ufeffTank, Benzinschl\u00e4uche und Vergaser auf Dichtheit pr\u00fcfen<\/li>\n\n\n\n<li>\ufeff\ufeffwenn n\u00f6tig Benzintank und Filter reinigen<\/li>\n\n\n\n<li>\ufeff\ufeffStarterseil kontrollieren<\/li>\n\n\n\n<li>\ufeff\ufeffSchwert und Antriebsritzel kontrollieren<\/li>\n\n\n\n<li>\ufeff\ufeffKette schleifen<\/li>\n\n\n\n<li>\ufeff\ufeffGummilagerung auf Risse \u00fcberpr\u00fcfen<\/li>\n\n\n\n<li>\ufeff\ufeffKettenschmierung kontrollieren<\/li>\n\n\n\n<li>\ufeff\ufeffTestlauf, Motorendrehzahl und Funktionskontrolle<\/li>\n<\/ul>\n\n\n\n<p class=\"has-virtue-primary-color has-text-color has-small-font-size\">Servicekosten ab Fr. 90.- bis 190.-<\/p>\n<\/div><\/div>\n<\/div>\n<\/div>\n<\/div><\/div>\n\n\n\n<div class=\"wp-block-group\"><div class=\"wp-block-group__inner-container is-layout-constrained wp-block-group-is-layout-constrained\">\n<h2 class=\"wp-block-heading\">M\u00e4hroboter<\/h2>\n\n\n\n<div class=\"wp-block-columns is-layout-flex wp-container-core-columns-is-layout-9d6595d7 wp-block-columns-is-layout-flex\">\n<div class=\"wp-block-column is-vertically-aligned-center is-layout-flow wp-block-column-is-layout-flow\" style=\"flex-basis:33%\">\n<figure class=\"wp-block-image size-full\"><img loading=\"lazy\" decoding=\"async\" width=\"305\" height=\"178\" src=\"\/wp-content\/uploads\/2023\/05\/image-3.png\" alt=\"\" class=\"wp-image-205\" srcset=\"https:\/\/andreasmehli.ch\/wp-content\/uploads\/2023\/05\/image-3.png 305w, https:\/\/andreasmehli.ch\/wp-content\/uploads\/2023\/05\/image-3-300x175.png 300w\" sizes=\"auto, (max-width: 305px) 100vw, 305px\" \/><\/figure>\n<\/div>\n\n\n\n<div class=\"wp-block-column is-vertically-aligned-center is-layout-flow wp-block-column-is-layout-flow\" style=\"flex-basis:66%\">\n<div class=\"wp-block-group\"><div class=\"wp-block-group__inner-container is-layout-constrained wp-block-group-is-layout-constrained\">\n<p>Im Service sind folgende Leistungen enthalten:<\/p>\n\n\n\n<ul class=\"has-black-color has-text-color wp-block-list\">\n<li>Trockenreinigung<\/li>\n\n\n\n<li>\ufeff\ufeffR\u00e4der, Motoren kontrollieren und evtl. ersetzen<\/li>\n\n\n\n<li>\ufeff\ufeffMesser schleifen oder ersetzen<\/li>\n\n\n\n<li>\ufeff\ufeffElektronik- und Sensorsysteme pr\u00fcfen und evtl. ersetzen<\/li>\n\n\n\n<li>\ufeff\ufeffSoftware-Update falls erforderlich<\/li>\n\n\n\n<li>\ufeff\ufeffSicherheitspr\u00fcfung<\/li>\n\n\n\n<li>\ufeff\ufeffBatterie laden und pr\u00fcfen<\/li>\n<\/ul>\n\n\n\n<p class=\"has-virtue-primary-color has-text-color has-small-font-size\">Servicekosten ab Fr. 190.- bis 250.-<\/p>\n\n\n\n<p class=\"has-virtue-primary-color has-text-color\">Wintereinlagerung inkl. regelm\u00e4ssiger<br>Aufladung Batterien pauschal Fr. 80.-<\/p>\n<\/div><\/div>\n<\/div>\n<\/div>\n<\/div><\/div>\n\n\n\n<div class=\"wp-block-columns is-layout-flex wp-container-core-columns-is-layout-9d6595d7 wp-block-columns-is-layout-flex\">\n<div class=\"wp-block-column is-layout-flow wp-block-column-is-layout-flow\">\n<div class=\"wp-block-group\"><div class=\"wp-block-group__inner-container is-layout-constrained wp-block-group-is-layout-constrained\">\n<h2 class=\"wp-block-heading\">Abhole- und Lieferdienst<\/h2>\n\n\n\n<figure class=\"wp-block-table is-style-stripes\"><table class=\"has-fixed-layout\"><tbody><tr><td>im Umkreis von 10 km<\/td><td>Fr. 30.-<\/td><\/tr><tr><td>im Umkreis von 30 km<\/td><td>Fr. 60.-<\/td><\/tr><tr><td>gr\u00f6ssere Distanzen nach Aufwand<\/td><td>Fr. 1.50\/km<\/td><\/tr><tr><td>Zuschlag f\u00fcr Ausitzrasenm\u00e4her<\/td><td>Fr. 18.-<\/td><\/tr><tr><td>Zuschlag f\u00fcr Kleintraktoren<\/td><td>Fr. 48.-<\/td><\/tr><\/tbody><\/table><\/figure>\n<\/div><\/div>\n<\/div>\n\n\n\n<div class=\"wp-block-column is-layout-flow wp-block-column-is-layout-flow\">\n<div class=\"wp-block-group\"><div class=\"wp-block-group__inner-container is-layout-constrained wp-block-group-is-layout-constrained\">\n<h2 class=\"wp-block-heading\">Diverses<\/h2>\n\n\n\n<figure class=\"wp-block-table is-style-stripes\"><table><tbody><tr><td>Rasenm\u00e4hermesser schleifen und auswuchten (Messer demontiert)<\/td><td>Fr. 15.-<\/td><\/tr><tr><td>S\u00e4geketten schleifen (Kette demontiert)<\/td><td>Fr. 15.-<\/td><\/tr><tr><td>Messer schleifen von M\u00e4hbalken und Heckenscheren (Messer demontiert)<\/td><td>Fr. 0.70\/Klinge<\/td><\/tr><tr><td>Demontage und Montage von Rasenm\u00e4hermesser, Balkenm\u00e4hermesser und S\u00e4geketten<\/td><td>Fr. 10.-<\/td><\/tr><tr><td>Demontage, Montage und Einstellung von Heckenscherenmesser<\/td><td>Fr. 20.-<\/td><\/tr><tr><td>kleine Gartenschere\/grosse Gartenschere<\/td><td>Fr. 12.-\/18.-<\/td><\/tr><\/tbody><\/table><\/figure>\n<\/div><\/div>\n<\/div>\n<\/div>\n","protected":false},"excerpt":{"rendered":"<p>Hier finden Sie unsere Serviceangebote mit zugeh\u00f6rigen Richtpreisen. Elektrom\u00e4her Im Service sind folgende Leistungen enthalten: Servicekosten ab Fr. 150.- bis 200.- Benzinrasenm\u00e4her ohne Radantrieb Im Service sind folgende Leistungen enthalten: Servicekosten ab Fr. 150.- bis 200.- Benzinrasenm\u00e4her mit Radantrieb Im &hellip; <a href=\"https:\/\/andreasmehli.ch\/index.php\/sample-page\/richtpriese-fuer-servicearbeiten\/\">Weiter<\/a><\/p>\n","protected":false},"author":1,"featured_media":0,"parent":2,"menu_order":10,"comment_status":"closed","ping_status":"closed","template":"","meta":{"kt_blocks_editor_width":"","footnotes":""},"class_list":["post-23","page","type-page","status-publish","hentry"],"yoast_head":"<!-- This site is optimized with the Yoast SEO plugin v21.0 - https:\/\/yoast.com\/wordpress\/plugins\/seo\/ -->\n<title>Richtpreise f\u00fcr Servicearbeiten - Andreas Mehli<\/title>\n<meta name=\"robots\" content=\"index, follow, max-snippet:-1, max-image-preview:large, max-video-preview:-1\" \/>\n<link rel=\"canonical\" href=\"https:\/\/andreasmehli.ch\/index.php\/sample-page\/richtpriese-fuer-servicearbeiten\/\" \/>\n<meta property=\"og:locale\" content=\"de_DE\" \/>\n<meta property=\"og:type\" content=\"article\" \/>\n<meta property=\"og:title\" content=\"Richtpreise f\u00fcr Servicearbeiten - Andreas Mehli\" \/>\n<meta property=\"og:description\" content=\"Hier finden Sie unsere Serviceangebote mit zugeh\u00f6rigen Richtpreisen. Elektrom\u00e4her Im Service sind folgende Leistungen enthalten: Servicekosten ab Fr. 150.- bis 200.- Benzinrasenm\u00e4her ohne Radantrieb Im Service sind folgende Leistungen enthalten: Servicekosten ab Fr. 150.- bis 200.- Benzinrasenm\u00e4her mit Radantrieb Im &hellip; Weiter\" \/>\n<meta property=\"og:url\" content=\"https:\/\/andreasmehli.ch\/index.php\/sample-page\/richtpriese-fuer-servicearbeiten\/\" \/>\n<meta property=\"og:site_name\" content=\"Andreas Mehli\" \/>\n<meta property=\"article:publisher\" content=\"https:\/\/www.facebook.com\/people\/Andreas-Mehli-Landmaschinen\/100057849181425\/\" \/>\n<meta property=\"article:modified_time\" content=\"2023-05-08T20:35:35+00:00\" \/>\n<meta name=\"twitter:card\" content=\"summary_large_image\" \/>\n<meta name=\"twitter:label1\" content=\"Gesch\u00e4tzte Lesezeit\" \/>\n\t<meta name=\"twitter:data1\" content=\"3\u00a0Minuten\" \/>\n<script type=\"application\/ld+json\" class=\"yoast-schema-graph\">{\"@context\":\"https:\/\/schema.org\",\"@graph\":[{\"@type\":\"WebPage\",\"@id\":\"https:\/\/andreasmehli.ch\/index.php\/sample-page\/richtpriese-fuer-servicearbeiten\/\",\"url\":\"https:\/\/andreasmehli.ch\/index.php\/sample-page\/richtpriese-fuer-servicearbeiten\/\",\"name\":\"Richtpreise f\u00fcr Servicearbeiten - Andreas Mehli\",\"isPartOf\":{\"@id\":\"https:\/\/andreasmehli.ch\/#website\"},\"datePublished\":\"2023-05-04T12:46:35+00:00\",\"dateModified\":\"2023-05-08T20:35:35+00:00\",\"breadcrumb\":{\"@id\":\"https:\/\/andreasmehli.ch\/index.php\/sample-page\/richtpriese-fuer-servicearbeiten\/#breadcrumb\"},\"inLanguage\":\"de\",\"potentialAction\":[{\"@type\":\"ReadAction\",\"target\":[\"https:\/\/andreasmehli.ch\/index.php\/sample-page\/richtpriese-fuer-servicearbeiten\/\"]}]},{\"@type\":\"BreadcrumbList\",\"@id\":\"https:\/\/andreasmehli.ch\/index.php\/sample-page\/richtpriese-fuer-servicearbeiten\/#breadcrumb\",\"itemListElement\":[{\"@type\":\"ListItem\",\"position\":1,\"name\":\"Startseite\",\"item\":\"https:\/\/andreasmehli.ch\/\"},{\"@type\":\"ListItem\",\"position\":2,\"name\":\"Werkstatt\",\"item\":\"https:\/\/andreasmehli.ch\/index.php\/sample-page\/\"},{\"@type\":\"ListItem\",\"position\":3,\"name\":\"Richtpreise f\u00fcr Servicearbeiten\"}]},{\"@type\":\"WebSite\",\"@id\":\"https:\/\/andreasmehli.ch\/#website\",\"url\":\"https:\/\/andreasmehli.ch\/\",\"name\":\"Andreas Mehli\",\"description\":\"Landtechnik |\u00a0 Motorger\u00e4te |\u00a0Kommunal- und Forstmaschinen\",\"publisher\":{\"@id\":\"https:\/\/andreasmehli.ch\/#organization\"},\"potentialAction\":[{\"@type\":\"SearchAction\",\"target\":{\"@type\":\"EntryPoint\",\"urlTemplate\":\"https:\/\/andreasmehli.ch\/?s={search_term_string}\"},\"query-input\":\"required name=search_term_string\"}],\"inLanguage\":\"de\"},{\"@type\":\"Organization\",\"@id\":\"https:\/\/andreasmehli.ch\/#organization\",\"name\":\"Andreas Mehli\",\"url\":\"https:\/\/andreasmehli.ch\/\",\"logo\":{\"@type\":\"ImageObject\",\"inLanguage\":\"de\",\"@id\":\"https:\/\/andreasmehli.ch\/#\/schema\/logo\/image\/\",\"url\":\"https:\/\/andreasmehli.ch\/wp-content\/uploads\/2023\/05\/AM-Logo-gross-1-e1683201979535.gif\",\"contentUrl\":\"https:\/\/andreasmehli.ch\/wp-content\/uploads\/2023\/05\/AM-Logo-gross-1-e1683201979535.gif\",\"width\":431,\"height\":86,\"caption\":\"Andreas Mehli\"},\"image\":{\"@id\":\"https:\/\/andreasmehli.ch\/#\/schema\/logo\/image\/\"},\"sameAs\":[\"https:\/\/www.facebook.com\/people\/Andreas-Mehli-Landmaschinen\/100057849181425\/\"]}]}<\/script>\n<!-- \/ Yoast SEO plugin. -->","yoast_head_json":{"title":"Richtpreise f\u00fcr Servicearbeiten - Andreas Mehli","robots":{"index":"index","follow":"follow","max-snippet":"max-snippet:-1","max-image-preview":"max-image-preview:large","max-video-preview":"max-video-preview:-1"},"canonical":"https:\/\/andreasmehli.ch\/index.php\/sample-page\/richtpriese-fuer-servicearbeiten\/","og_locale":"de_DE","og_type":"article","og_title":"Richtpreise f\u00fcr Servicearbeiten - Andreas Mehli","og_description":"Hier finden Sie unsere Serviceangebote mit zugeh\u00f6rigen Richtpreisen. Elektrom\u00e4her Im Service sind folgende Leistungen enthalten: Servicekosten ab Fr. 150.- bis 200.- Benzinrasenm\u00e4her ohne Radantrieb Im Service sind folgende Leistungen enthalten: Servicekosten ab Fr. 150.- bis 200.- Benzinrasenm\u00e4her mit Radantrieb Im &hellip; Weiter","og_url":"https:\/\/andreasmehli.ch\/index.php\/sample-page\/richtpriese-fuer-servicearbeiten\/","og_site_name":"Andreas Mehli","article_publisher":"https:\/\/www.facebook.com\/people\/Andreas-Mehli-Landmaschinen\/100057849181425\/","article_modified_time":"2023-05-08T20:35:35+00:00","twitter_card":"summary_large_image","twitter_misc":{"Gesch\u00e4tzte Lesezeit":"3\u00a0Minuten"},"schema":{"@context":"https:\/\/schema.org","@graph":[{"@type":"WebPage","@id":"https:\/\/andreasmehli.ch\/index.php\/sample-page\/richtpriese-fuer-servicearbeiten\/","url":"https:\/\/andreasmehli.ch\/index.php\/sample-page\/richtpriese-fuer-servicearbeiten\/","name":"Richtpreise f\u00fcr Servicearbeiten - Andreas Mehli","isPartOf":{"@id":"https:\/\/andreasmehli.ch\/#website"},"datePublished":"2023-05-04T12:46:35+00:00","dateModified":"2023-05-08T20:35:35+00:00","breadcrumb":{"@id":"https:\/\/andreasmehli.ch\/index.php\/sample-page\/richtpriese-fuer-servicearbeiten\/#breadcrumb"},"inLanguage":"de","potentialAction":[{"@type":"ReadAction","target":["https:\/\/andreasmehli.ch\/index.php\/sample-page\/richtpriese-fuer-servicearbeiten\/"]}]},{"@type":"BreadcrumbList","@id":"https:\/\/andreasmehli.ch\/index.php\/sample-page\/richtpriese-fuer-servicearbeiten\/#breadcrumb","itemListElement":[{"@type":"ListItem","position":1,"name":"Startseite","item":"https:\/\/andreasmehli.ch\/"},{"@type":"ListItem","position":2,"name":"Werkstatt","item":"https:\/\/andreasmehli.ch\/index.php\/sample-page\/"},{"@type":"ListItem","position":3,"name":"Richtpreise f\u00fcr Servicearbeiten"}]},{"@type":"WebSite","@id":"https:\/\/andreasmehli.ch\/#website","url":"https:\/\/andreasmehli.ch\/","name":"Andreas Mehli","description":"Landtechnik |\u00a0 Motorger\u00e4te |\u00a0Kommunal- und Forstmaschinen","publisher":{"@id":"https:\/\/andreasmehli.ch\/#organization"},"potentialAction":[{"@type":"SearchAction","target":{"@type":"EntryPoint","urlTemplate":"https:\/\/andreasmehli.ch\/?s={search_term_string}"},"query-input":"required name=search_term_string"}],"inLanguage":"de"},{"@type":"Organization","@id":"https:\/\/andreasmehli.ch\/#organization","name":"Andreas Mehli","url":"https:\/\/andreasmehli.ch\/","logo":{"@type":"ImageObject","inLanguage":"de","@id":"https:\/\/andreasmehli.ch\/#\/schema\/logo\/image\/","url":"https:\/\/andreasmehli.ch\/wp-content\/uploads\/2023\/05\/AM-Logo-gross-1-e1683201979535.gif","contentUrl":"https:\/\/andreasmehli.ch\/wp-content\/uploads\/2023\/05\/AM-Logo-gross-1-e1683201979535.gif","width":431,"height":86,"caption":"Andreas Mehli"},"image":{"@id":"https:\/\/andreasmehli.ch\/#\/schema\/logo\/image\/"},"sameAs":["https:\/\/www.facebook.com\/people\/Andreas-Mehli-Landmaschinen\/100057849181425\/"]}]}},"_links":{"self":[{"href":"https:\/\/andreasmehli.ch\/index.php\/wp-json\/wp\/v2\/pages\/23","targetHints":{"allow":["GET"]}}],"collection":[{"href":"https:\/\/andreasmehli.ch\/index.php\/wp-json\/wp\/v2\/pages"}],"about":[{"href":"https:\/\/andreasmehli.ch\/index.php\/wp-json\/wp\/v2\/types\/page"}],"author":[{"embeddable":true,"href":"https:\/\/andreasmehli.ch\/index.php\/wp-json\/wp\/v2\/users\/1"}],"replies":[{"embeddable":true,"href":"https:\/\/andreasmehli.ch\/index.php\/wp-json\/wp\/v2\/comments?post=23"}],"version-history":[{"count":119,"href":"https:\/\/andreasmehli.ch\/index.php\/wp-json\/wp\/v2\/pages\/23\/revisions"}],"predecessor-version":[{"id":1397,"href":"https:\/\/andreasmehli.ch\/index.php\/wp-json\/wp\/v2\/pages\/23\/revisions\/1397"}],"up":[{"embeddable":true,"href":"https:\/\/andreasmehli.ch\/index.php\/wp-json\/wp\/v2\/pages\/2"}],"wp:attachment":[{"href":"https:\/\/andreasmehli.ch\/index.php\/wp-json\/wp\/v2\/media?parent=23"}],"curies":[{"name":"wp","href":"https:\/\/api.w.org\/{rel}","templated":true}]}}