{"id":2,"date":"2023-05-03T11:32:58","date_gmt":"2023-05-03T11:32:58","guid":{"rendered":"https:\/\/andreasmehli-new.ch\/?page_id=2"},"modified":"2025-10-20T08:21:28","modified_gmt":"2025-10-20T08:21:28","slug":"sample-page","status":"publish","type":"page","link":"https:\/\/andreasmehli.ch\/index.php\/sample-page\/","title":{"rendered":"Werkstatt"},"content":{"rendered":"\n<p><strong>Unser Service, Ihr Gewinn&#8230;<\/strong><\/p>\n\n\n\n<p>Herzlich Willkommen bei der Werkstatt Ihres Vertrauens. Ihrem kompetenten Partner f\u00fcr die professionelle Reparatur von Landmaschinen und vielf\u00e4ltigen Ger\u00e4ten! Seit 1994 sind wir stolz darauf, unseren Kunden erstklassige Dienstleistungen anzubieten. Unser engagiertes Team von erfahrenen Mechanikern und moderner Ausr\u00fcstung setzt Standards in Reparatur, Wartung und Optimierung.<\/p>\n\n\n\n<p><\/p>\n\n\n\n<div class=\"wp-block-media-text alignwide is-stacked-on-mobile\" style=\"grid-template-columns:15% auto\"><figure class=\"wp-block-media-text__media\"><img loading=\"lazy\" decoding=\"async\" width=\"768\" height=\"1024\" src=\"https:\/\/andreasmehli.ch\/wp-content\/uploads\/2023\/09\/Lamprecht_Marco_2-768x1024.jpg\" alt=\"\" class=\"wp-image-1181 size-full\" srcset=\"https:\/\/andreasmehli.ch\/wp-content\/uploads\/2023\/09\/Lamprecht_Marco_2-768x1024.jpg 768w, https:\/\/andreasmehli.ch\/wp-content\/uploads\/2023\/09\/Lamprecht_Marco_2-225x300.jpg 225w, https:\/\/andreasmehli.ch\/wp-content\/uploads\/2023\/09\/Lamprecht_Marco_2-1152x1536.jpg 1152w, https:\/\/andreasmehli.ch\/wp-content\/uploads\/2023\/09\/Lamprecht_Marco_2-1536x2048.jpg 1536w, https:\/\/andreasmehli.ch\/wp-content\/uploads\/2023\/09\/Lamprecht_Marco_2-scaled.jpg 1920w\" sizes=\"auto, (max-width: 768px) 100vw, 768px\" \/><\/figure><div class=\"wp-block-media-text__content\">\n<h2 class=\"wp-block-heading\">Mehli Werkstatt Chur AG<\/h2>\n\n\n\n<p>Unser Werkstattleiter in Chur&nbsp;<strong>Marco Lamprecht<\/strong>&nbsp;ist Ihr Ansprechpartner f\u00fcr s\u00e4mtliche Werkstattarbeiten an Landmaschinen und Traktoren.<\/p>\n\n\n\n<p><strong>Tel. direkt 081 256 22 05<\/strong><\/p>\n<\/div><\/div>\n\n\n\n<div class=\"wp-block-media-text alignwide is-stacked-on-mobile\" style=\"grid-template-columns:15% auto\"><figure class=\"wp-block-media-text__media\"><img loading=\"lazy\" decoding=\"async\" width=\"768\" height=\"1024\" src=\"https:\/\/andreasmehli.ch\/wp-content\/uploads\/2023\/09\/Loetscher_Paul_1-768x1024.jpg\" alt=\"\" class=\"wp-image-1164 size-full\" srcset=\"https:\/\/andreasmehli.ch\/wp-content\/uploads\/2023\/09\/Loetscher_Paul_1-768x1024.jpg 768w, https:\/\/andreasmehli.ch\/wp-content\/uploads\/2023\/09\/Loetscher_Paul_1-225x300.jpg 225w, https:\/\/andreasmehli.ch\/wp-content\/uploads\/2023\/09\/Loetscher_Paul_1-1152x1536.jpg 1152w, https:\/\/andreasmehli.ch\/wp-content\/uploads\/2023\/09\/Loetscher_Paul_1-1536x2048.jpg 1536w, https:\/\/andreasmehli.ch\/wp-content\/uploads\/2023\/09\/Loetscher_Paul_1-scaled.jpg 1920w\" sizes=\"auto, (max-width: 768px) 100vw, 768px\" \/><\/figure><div class=\"wp-block-media-text__content\">\n<h2 class=\"wp-block-heading\">Mehli Werkstatt Ilanz AG<\/h2>\n\n\n\n<p>Unser Werkstattleiter in Ilanz,&nbsp;<strong>Paul Loetscher<\/strong>&nbsp;ist Ihr Ansprechpartner f\u00fcr s\u00e4mtliche Anliegen an Ihren Fahrzeugen und Maschinen.<\/p>\n\n\n\n<p><strong>Tel. direkt&nbsp;081 925 28 48<\/strong><\/p>\n<\/div><\/div>\n\n\n\n<hr class=\"wp-block-separator alignwide has-alpha-channel-opacity is-style-wide\"\/>\n\n\n\n<div style=\"height:20px\" aria-hidden=\"true\" class=\"wp-block-spacer\"><\/div>\n\n\n\n<div style=\"height:10px\" aria-hidden=\"true\" class=\"wp-block-spacer\"><\/div>\n\n\n\n<div class=\"wp-block-media-text is-stacked-on-mobile\" style=\"grid-template-columns:15% auto\"><figure class=\"wp-block-media-text__media\"><img loading=\"lazy\" decoding=\"async\" width=\"250\" height=\"87\" src=\"\/wp-content\/uploads\/2023\/05\/Michelin_Exelageri.jpeg\" alt=\"\" class=\"wp-image-382 size-full\"\/><\/figure><div class=\"wp-block-media-text__content\">\n<h2 class=\"wp-block-heading\">Exelagri Partner von Michelin<\/h2>\n\n\n\n<p>Als MICHELIN Exelagri Partner sind wir Ihr kompetenter Ansprechpartner rund um Landwirtschaftsreifen.<\/p>\n\n\n\n<p>Unter dem Namen&nbsp;<strong>MICHELIN EXELAGRI<\/strong>&nbsp;baut der franz\u00f6sische Reifenhersteller Michelin seit einiger Zeit mit Erfolg ein fl\u00e4chendeckendes Service-H\u00e4ndlernetz in der Schweiz auf. Hinter dieser Offensive steht der Gedanke einer partnerschaftlichen Zusammenarbeit mit Landmaschinen- und Reifenfachhandelsbetrieben.&nbsp;<strong>Seit dem 4.12.2004 geh\u00f6rt Andreas Mehli Landmaschinen<\/strong><strong>&nbsp;zu diesen Partnern und nimmt damit eine herausragende Stellung in Graub\u00fcnden ein.<\/strong><\/p>\n<\/div><\/div>\n","protected":false},"excerpt":{"rendered":"<p>Unser Service, Ihr Gewinn&#8230; Herzlich Willkommen bei der Werkstatt Ihres Vertrauens. Ihrem kompetenten Partner f\u00fcr die professionelle Reparatur von Landmaschinen und vielf\u00e4ltigen Ger\u00e4ten! Seit 1994 sind wir stolz darauf, unseren Kunden erstklassige Dienstleistungen anzubieten. Unser engagiertes Team von erfahrenen Mechanikern &hellip; <a href=\"https:\/\/andreasmehli.ch\/index.php\/sample-page\/\">Weiter<\/a><\/p>\n","protected":false},"author":1,"featured_media":0,"parent":0,"menu_order":0,"comment_status":"closed","ping_status":"open","template":"","meta":{"kt_blocks_editor_width":"","footnotes":""},"class_list":["post-2","page","type-page","status-publish","hentry"],"yoast_head":"<!-- This site is optimized with the Yoast SEO plugin v21.0 - https:\/\/yoast.com\/wordpress\/plugins\/seo\/ -->\n<title>Werkstatt - Andreas Mehli<\/title>\n<meta name=\"robots\" content=\"index, follow, max-snippet:-1, max-image-preview:large, max-video-preview:-1\" \/>\n<link rel=\"canonical\" href=\"https:\/\/andreasmehli.ch\/index.php\/sample-page\/\" \/>\n<meta property=\"og:locale\" content=\"de_DE\" \/>\n<meta property=\"og:type\" content=\"article\" \/>\n<meta property=\"og:title\" content=\"Werkstatt - Andreas Mehli\" \/>\n<meta property=\"og:description\" content=\"Unser Service, Ihr Gewinn&#8230; Herzlich Willkommen bei der Werkstatt Ihres Vertrauens. Ihrem kompetenten Partner f\u00fcr die professionelle Reparatur von Landmaschinen und vielf\u00e4ltigen Ger\u00e4ten! Seit 1994 sind wir stolz darauf, unseren Kunden erstklassige Dienstleistungen anzubieten. Unser engagiertes Team von erfahrenen Mechanikern &hellip; Weiter\" \/>\n<meta property=\"og:url\" content=\"https:\/\/andreasmehli.ch\/index.php\/sample-page\/\" \/>\n<meta property=\"og:site_name\" content=\"Andreas Mehli\" \/>\n<meta property=\"article:publisher\" content=\"https:\/\/www.facebook.com\/people\/Andreas-Mehli-Landmaschinen\/100057849181425\/\" \/>\n<meta property=\"article:modified_time\" content=\"2025-10-20T08:21:28+00:00\" \/>\n<meta property=\"og:image\" content=\"https:\/\/andreasmehli.ch\/wp-content\/uploads\/2023\/09\/Lamprecht_Marco_2-768x1024.jpg\" \/>\n<meta name=\"twitter:card\" content=\"summary_large_image\" \/>\n<meta name=\"twitter:label1\" content=\"Gesch\u00e4tzte Lesezeit\" \/>\n\t<meta name=\"twitter:data1\" content=\"2\u00a0Minuten\" \/>\n<script type=\"application\/ld+json\" class=\"yoast-schema-graph\">{\"@context\":\"https:\/\/schema.org\",\"@graph\":[{\"@type\":\"WebPage\",\"@id\":\"https:\/\/andreasmehli.ch\/index.php\/sample-page\/\",\"url\":\"https:\/\/andreasmehli.ch\/index.php\/sample-page\/\",\"name\":\"Werkstatt - Andreas Mehli\",\"isPartOf\":{\"@id\":\"https:\/\/andreasmehli.ch\/#website\"},\"datePublished\":\"2023-05-03T11:32:58+00:00\",\"dateModified\":\"2025-10-20T08:21:28+00:00\",\"breadcrumb\":{\"@id\":\"https:\/\/andreasmehli.ch\/index.php\/sample-page\/#breadcrumb\"},\"inLanguage\":\"de\",\"potentialAction\":[{\"@type\":\"ReadAction\",\"target\":[\"https:\/\/andreasmehli.ch\/index.php\/sample-page\/\"]}]},{\"@type\":\"BreadcrumbList\",\"@id\":\"https:\/\/andreasmehli.ch\/index.php\/sample-page\/#breadcrumb\",\"itemListElement\":[{\"@type\":\"ListItem\",\"position\":1,\"name\":\"Startseite\",\"item\":\"https:\/\/andreasmehli.ch\/\"},{\"@type\":\"ListItem\",\"position\":2,\"name\":\"Werkstatt\"}]},{\"@type\":\"WebSite\",\"@id\":\"https:\/\/andreasmehli.ch\/#website\",\"url\":\"https:\/\/andreasmehli.ch\/\",\"name\":\"Andreas Mehli\",\"description\":\"Landtechnik |\u00a0 Motorger\u00e4te |\u00a0Kommunal- und Forstmaschinen\",\"publisher\":{\"@id\":\"https:\/\/andreasmehli.ch\/#organization\"},\"potentialAction\":[{\"@type\":\"SearchAction\",\"target\":{\"@type\":\"EntryPoint\",\"urlTemplate\":\"https:\/\/andreasmehli.ch\/?s={search_term_string}\"},\"query-input\":\"required name=search_term_string\"}],\"inLanguage\":\"de\"},{\"@type\":\"Organization\",\"@id\":\"https:\/\/andreasmehli.ch\/#organization\",\"name\":\"Andreas Mehli\",\"url\":\"https:\/\/andreasmehli.ch\/\",\"logo\":{\"@type\":\"ImageObject\",\"inLanguage\":\"de\",\"@id\":\"https:\/\/andreasmehli.ch\/#\/schema\/logo\/image\/\",\"url\":\"https:\/\/andreasmehli.ch\/wp-content\/uploads\/2023\/05\/AM-Logo-gross-1-e1683201979535.gif\",\"contentUrl\":\"https:\/\/andreasmehli.ch\/wp-content\/uploads\/2023\/05\/AM-Logo-gross-1-e1683201979535.gif\",\"width\":431,\"height\":86,\"caption\":\"Andreas Mehli\"},\"image\":{\"@id\":\"https:\/\/andreasmehli.ch\/#\/schema\/logo\/image\/\"},\"sameAs\":[\"https:\/\/www.facebook.com\/people\/Andreas-Mehli-Landmaschinen\/100057849181425\/\"]}]}<\/script>\n<!-- \/ Yoast SEO plugin. -->","yoast_head_json":{"title":"Werkstatt - Andreas Mehli","robots":{"index":"index","follow":"follow","max-snippet":"max-snippet:-1","max-image-preview":"max-image-preview:large","max-video-preview":"max-video-preview:-1"},"canonical":"https:\/\/andreasmehli.ch\/index.php\/sample-page\/","og_locale":"de_DE","og_type":"article","og_title":"Werkstatt - Andreas Mehli","og_description":"Unser Service, Ihr Gewinn&#8230; Herzlich Willkommen bei der Werkstatt Ihres Vertrauens. Ihrem kompetenten Partner f\u00fcr die professionelle Reparatur von Landmaschinen und vielf\u00e4ltigen Ger\u00e4ten! Seit 1994 sind wir stolz darauf, unseren Kunden erstklassige Dienstleistungen anzubieten. Unser engagiertes Team von erfahrenen Mechanikern &hellip; Weiter","og_url":"https:\/\/andreasmehli.ch\/index.php\/sample-page\/","og_site_name":"Andreas Mehli","article_publisher":"https:\/\/www.facebook.com\/people\/Andreas-Mehli-Landmaschinen\/100057849181425\/","article_modified_time":"2025-10-20T08:21:28+00:00","og_image":[{"url":"https:\/\/andreasmehli.ch\/wp-content\/uploads\/2023\/09\/Lamprecht_Marco_2-768x1024.jpg"}],"twitter_card":"summary_large_image","twitter_misc":{"Gesch\u00e4tzte Lesezeit":"2\u00a0Minuten"},"schema":{"@context":"https:\/\/schema.org","@graph":[{"@type":"WebPage","@id":"https:\/\/andreasmehli.ch\/index.php\/sample-page\/","url":"https:\/\/andreasmehli.ch\/index.php\/sample-page\/","name":"Werkstatt - Andreas Mehli","isPartOf":{"@id":"https:\/\/andreasmehli.ch\/#website"},"datePublished":"2023-05-03T11:32:58+00:00","dateModified":"2025-10-20T08:21:28+00:00","breadcrumb":{"@id":"https:\/\/andreasmehli.ch\/index.php\/sample-page\/#breadcrumb"},"inLanguage":"de","potentialAction":[{"@type":"ReadAction","target":["https:\/\/andreasmehli.ch\/index.php\/sample-page\/"]}]},{"@type":"BreadcrumbList","@id":"https:\/\/andreasmehli.ch\/index.php\/sample-page\/#breadcrumb","itemListElement":[{"@type":"ListItem","position":1,"name":"Startseite","item":"https:\/\/andreasmehli.ch\/"},{"@type":"ListItem","position":2,"name":"Werkstatt"}]},{"@type":"WebSite","@id":"https:\/\/andreasmehli.ch\/#website","url":"https:\/\/andreasmehli.ch\/","name":"Andreas Mehli","description":"Landtechnik |\u00a0 Motorger\u00e4te |\u00a0Kommunal- und Forstmaschinen","publisher":{"@id":"https:\/\/andreasmehli.ch\/#organization"},"potentialAction":[{"@type":"SearchAction","target":{"@type":"EntryPoint","urlTemplate":"https:\/\/andreasmehli.ch\/?s={search_term_string}"},"query-input":"required name=search_term_string"}],"inLanguage":"de"},{"@type":"Organization","@id":"https:\/\/andreasmehli.ch\/#organization","name":"Andreas Mehli","url":"https:\/\/andreasmehli.ch\/","logo":{"@type":"ImageObject","inLanguage":"de","@id":"https:\/\/andreasmehli.ch\/#\/schema\/logo\/image\/","url":"https:\/\/andreasmehli.ch\/wp-content\/uploads\/2023\/05\/AM-Logo-gross-1-e1683201979535.gif","contentUrl":"https:\/\/andreasmehli.ch\/wp-content\/uploads\/2023\/05\/AM-Logo-gross-1-e1683201979535.gif","width":431,"height":86,"caption":"Andreas Mehli"},"image":{"@id":"https:\/\/andreasmehli.ch\/#\/schema\/logo\/image\/"},"sameAs":["https:\/\/www.facebook.com\/people\/Andreas-Mehli-Landmaschinen\/100057849181425\/"]}]}},"_links":{"self":[{"href":"https:\/\/andreasmehli.ch\/index.php\/wp-json\/wp\/v2\/pages\/2","targetHints":{"allow":["GET"]}}],"collection":[{"href":"https:\/\/andreasmehli.ch\/index.php\/wp-json\/wp\/v2\/pages"}],"about":[{"href":"https:\/\/andreasmehli.ch\/index.php\/wp-json\/wp\/v2\/types\/page"}],"author":[{"embeddable":true,"href":"https:\/\/andreasmehli.ch\/index.php\/wp-json\/wp\/v2\/users\/1"}],"replies":[{"embeddable":true,"href":"https:\/\/andreasmehli.ch\/index.php\/wp-json\/wp\/v2\/comments?post=2"}],"version-history":[{"count":59,"href":"https:\/\/andreasmehli.ch\/index.php\/wp-json\/wp\/v2\/pages\/2\/revisions"}],"predecessor-version":[{"id":1519,"href":"https:\/\/andreasmehli.ch\/index.php\/wp-json\/wp\/v2\/pages\/2\/revisions\/1519"}],"wp:attachment":[{"href":"https:\/\/andreasmehli.ch\/index.php\/wp-json\/wp\/v2\/media?parent=2"}],"curies":[{"name":"wp","href":"https:\/\/api.w.org\/{rel}","templated":true}]}}